{"id":38,"date":"2019-07-09T09:08:05","date_gmt":"2019-07-09T07:08:05","guid":{"rendered":"http:\/\/zlobek.bobowa.pl\/?page_id=38"},"modified":"2019-07-09T11:31:32","modified_gmt":"2019-07-09T09:31:32","slug":"galeria","status":"publish","type":"page","link":"http:\/\/zlobek.bobowa.pl\/index.php\/galeria\/","title":{"rendered":"Prace adaptacyjne"},"content":{"rendered":"\n<ul class=\"wp-block-gallery columns-3 is-cropped wp-block-gallery-1 is-layout-flex wp-block-gallery-is-layout-flex\"><li class=\"blocks-gallery-item\"><figure><a href=\"http:\/\/zlobek.bobowa.pl\/wp-content\/uploads\/2019\/07\/\u017b\u0142obek-S\u0119dziszowa-2-1024x683.jpg\"><img decoding=\"async\" loading=\"lazy\" width=\"1024\" height=\"683\" src=\"http:\/\/zlobek.bobowa.pl\/wp-content\/uploads\/2019\/07\/\u017b\u0142obek-S\u0119dziszowa-2-1024x683.jpg\" alt=\"\" data-id=\"40\" data-link=\"http:\/\/zlobek.bobowa.pl\/index.php\/galeria\/zlobek-sedziszowa-2\/\" class=\"wp-image-40\" srcset=\"http:\/\/zlobek.bobowa.pl\/wp-content\/uploads\/2019\/07\/\u017b\u0142obek-S\u0119dziszowa-2-1024x683.jpg 1024w, http:\/\/zlobek.bobowa.pl\/wp-content\/uploads\/2019\/07\/\u017b\u0142obek-S\u0119dziszowa-2-300x200.jpg 300w, http:\/\/zlobek.bobowa.pl\/wp-content\/uploads\/2019\/07\/\u017b\u0142obek-S\u0119dziszowa-2-768x512.jpg 768w\" sizes=\"(max-width: 1024px) 100vw, 1024px\" \/><\/a><\/figure><\/li><li class=\"blocks-gallery-item\"><figure><a href=\"http:\/\/zlobek.bobowa.pl\/wp-content\/uploads\/2019\/07\/\u017b\u0142obek-S\u0119dziszowa-1-1024x683.jpg\"><img decoding=\"async\" loading=\"lazy\" width=\"1024\" height=\"683\" src=\"http:\/\/zlobek.bobowa.pl\/wp-content\/uploads\/2019\/07\/\u017b\u0142obek-S\u0119dziszowa-1-1024x683.jpg\" alt=\"\" data-id=\"39\" data-link=\"http:\/\/zlobek.bobowa.pl\/index.php\/galeria\/zlobek-sedziszowa-1\/\" class=\"wp-image-39\" srcset=\"http:\/\/zlobek.bobowa.pl\/wp-content\/uploads\/2019\/07\/\u017b\u0142obek-S\u0119dziszowa-1-1024x683.jpg 1024w, http:\/\/zlobek.bobowa.pl\/wp-content\/uploads\/2019\/07\/\u017b\u0142obek-S\u0119dziszowa-1-300x200.jpg 300w, http:\/\/zlobek.bobowa.pl\/wp-content\/uploads\/2019\/07\/\u017b\u0142obek-S\u0119dziszowa-1-768x512.jpg 768w\" sizes=\"(max-width: 1024px) 100vw, 1024px\" \/><\/a><\/figure><\/li><li class=\"blocks-gallery-item\"><figure><a href=\"http:\/\/zlobek.bobowa.pl\/wp-content\/uploads\/2019\/07\/\u017b\u0142obek-S\u0119dziszowa-3-1024x683.jpg\"><img decoding=\"async\" loading=\"lazy\" width=\"1024\" height=\"683\" src=\"http:\/\/zlobek.bobowa.pl\/wp-content\/uploads\/2019\/07\/\u017b\u0142obek-S\u0119dziszowa-3-1024x683.jpg\" alt=\"\" data-id=\"41\" data-link=\"http:\/\/zlobek.bobowa.pl\/index.php\/galeria\/zlobek-sedziszowa-3\/\" class=\"wp-image-41\" srcset=\"http:\/\/zlobek.bobowa.pl\/wp-content\/uploads\/2019\/07\/\u017b\u0142obek-S\u0119dziszowa-3-1024x683.jpg 1024w, http:\/\/zlobek.bobowa.pl\/wp-content\/uploads\/2019\/07\/\u017b\u0142obek-S\u0119dziszowa-3-300x200.jpg 300w, http:\/\/zlobek.bobowa.pl\/wp-content\/uploads\/2019\/07\/\u017b\u0142obek-S\u0119dziszowa-3-768x512.jpg 768w\" sizes=\"(max-width: 1024px) 100vw, 1024px\" \/><\/a><\/figure><\/li><li class=\"blocks-gallery-item\"><figure><a href=\"http:\/\/zlobek.bobowa.pl\/wp-content\/uploads\/2019\/07\/\u017b\u0142obek-S\u0119dziszowa-4-1024x683.jpg\"><img decoding=\"async\" loading=\"lazy\" width=\"1024\" height=\"683\" src=\"http:\/\/zlobek.bobowa.pl\/wp-content\/uploads\/2019\/07\/\u017b\u0142obek-S\u0119dziszowa-4-1024x683.jpg\" alt=\"\" data-id=\"42\" data-link=\"http:\/\/zlobek.bobowa.pl\/index.php\/galeria\/zlobek-sedziszowa-4\/\" class=\"wp-image-42\" srcset=\"http:\/\/zlobek.bobowa.pl\/wp-content\/uploads\/2019\/07\/\u017b\u0142obek-S\u0119dziszowa-4-1024x683.jpg 1024w, http:\/\/zlobek.bobowa.pl\/wp-content\/uploads\/2019\/07\/\u017b\u0142obek-S\u0119dziszowa-4-300x200.jpg 300w, http:\/\/zlobek.bobowa.pl\/wp-content\/uploads\/2019\/07\/\u017b\u0142obek-S\u0119dziszowa-4-768x512.jpg 768w\" sizes=\"(max-width: 1024px) 100vw, 1024px\" \/><\/a><\/figure><\/li><li class=\"blocks-gallery-item\"><figure><a href=\"http:\/\/zlobek.bobowa.pl\/wp-content\/uploads\/2019\/07\/\u017b\u0142obek-S\u0119dziszowa-5-1024x683.jpg\"><img decoding=\"async\" loading=\"lazy\" width=\"1024\" height=\"683\" src=\"http:\/\/zlobek.bobowa.pl\/wp-content\/uploads\/2019\/07\/\u017b\u0142obek-S\u0119dziszowa-5-1024x683.jpg\" alt=\"\" data-id=\"43\" data-link=\"http:\/\/zlobek.bobowa.pl\/index.php\/galeria\/zlobek-sedziszowa-5\/\" class=\"wp-image-43\" srcset=\"http:\/\/zlobek.bobowa.pl\/wp-content\/uploads\/2019\/07\/\u017b\u0142obek-S\u0119dziszowa-5-1024x683.jpg 1024w, http:\/\/zlobek.bobowa.pl\/wp-content\/uploads\/2019\/07\/\u017b\u0142obek-S\u0119dziszowa-5-300x200.jpg 300w, http:\/\/zlobek.bobowa.pl\/wp-content\/uploads\/2019\/07\/\u017b\u0142obek-S\u0119dziszowa-5-768x512.jpg 768w\" sizes=\"(max-width: 1024px) 100vw, 1024px\" \/><\/a><\/figure><\/li><li class=\"blocks-gallery-item\"><figure><a href=\"http:\/\/zlobek.bobowa.pl\/wp-content\/uploads\/2019\/07\/\u017b\u0142obek-S\u0119dziszowa-6-1024x683.jpg\"><img decoding=\"async\" loading=\"lazy\" width=\"1024\" height=\"683\" src=\"http:\/\/zlobek.bobowa.pl\/wp-content\/uploads\/2019\/07\/\u017b\u0142obek-S\u0119dziszowa-6-1024x683.jpg\" alt=\"\" data-id=\"44\" data-link=\"http:\/\/zlobek.bobowa.pl\/index.php\/galeria\/zlobek-sedziszowa-6\/\" class=\"wp-image-44\" srcset=\"http:\/\/zlobek.bobowa.pl\/wp-content\/uploads\/2019\/07\/\u017b\u0142obek-S\u0119dziszowa-6-1024x683.jpg 1024w, http:\/\/zlobek.bobowa.pl\/wp-content\/uploads\/2019\/07\/\u017b\u0142obek-S\u0119dziszowa-6-300x200.jpg 300w, http:\/\/zlobek.bobowa.pl\/wp-content\/uploads\/2019\/07\/\u017b\u0142obek-S\u0119dziszowa-6-768x512.jpg 768w\" sizes=\"(max-width: 1024px) 100vw, 1024px\" \/><\/a><\/figure><\/li><li class=\"blocks-gallery-item\"><figure><a href=\"http:\/\/zlobek.bobowa.pl\/wp-content\/uploads\/2019\/07\/\u017b\u0142obek-S\u0119dziszowa-7-1024x683.jpg\"><img decoding=\"async\" loading=\"lazy\" width=\"1024\" height=\"683\" src=\"http:\/\/zlobek.bobowa.pl\/wp-content\/uploads\/2019\/07\/\u017b\u0142obek-S\u0119dziszowa-7-1024x683.jpg\" alt=\"\" data-id=\"45\" data-link=\"http:\/\/zlobek.bobowa.pl\/index.php\/galeria\/zlobek-sedziszowa-7\/\" class=\"wp-image-45\" srcset=\"http:\/\/zlobek.bobowa.pl\/wp-content\/uploads\/2019\/07\/\u017b\u0142obek-S\u0119dziszowa-7-1024x683.jpg 1024w, http:\/\/zlobek.bobowa.pl\/wp-content\/uploads\/2019\/07\/\u017b\u0142obek-S\u0119dziszowa-7-300x200.jpg 300w, http:\/\/zlobek.bobowa.pl\/wp-content\/uploads\/2019\/07\/\u017b\u0142obek-S\u0119dziszowa-7-768x512.jpg 768w\" sizes=\"(max-width: 1024px) 100vw, 1024px\" \/><\/a><\/figure><\/li><li class=\"blocks-gallery-item\"><figure><a href=\"http:\/\/zlobek.bobowa.pl\/wp-content\/uploads\/2019\/07\/\u017b\u0142obek-S\u0119dziszowa-8-1024x683.jpg\"><img decoding=\"async\" loading=\"lazy\" width=\"1024\" height=\"683\" src=\"http:\/\/zlobek.bobowa.pl\/wp-content\/uploads\/2019\/07\/\u017b\u0142obek-S\u0119dziszowa-8-1024x683.jpg\" alt=\"\" data-id=\"46\" data-link=\"http:\/\/zlobek.bobowa.pl\/index.php\/galeria\/zlobek-sedziszowa-8\/\" class=\"wp-image-46\" srcset=\"http:\/\/zlobek.bobowa.pl\/wp-content\/uploads\/2019\/07\/\u017b\u0142obek-S\u0119dziszowa-8-1024x683.jpg 1024w, http:\/\/zlobek.bobowa.pl\/wp-content\/uploads\/2019\/07\/\u017b\u0142obek-S\u0119dziszowa-8-300x200.jpg 300w, http:\/\/zlobek.bobowa.pl\/wp-content\/uploads\/2019\/07\/\u017b\u0142obek-S\u0119dziszowa-8-768x512.jpg 768w\" sizes=\"(max-width: 1024px) 100vw, 1024px\" \/><\/a><\/figure><\/li><li class=\"blocks-gallery-item\"><figure><a href=\"http:\/\/zlobek.bobowa.pl\/wp-content\/uploads\/2019\/07\/\u017b\u0142obek-S\u0119dziszowa-9-1024x683.jpg\"><img decoding=\"async\" loading=\"lazy\" width=\"1024\" height=\"683\" src=\"http:\/\/zlobek.bobowa.pl\/wp-content\/uploads\/2019\/07\/\u017b\u0142obek-S\u0119dziszowa-9-1024x683.jpg\" alt=\"\" data-id=\"47\" data-link=\"http:\/\/zlobek.bobowa.pl\/index.php\/galeria\/zlobek-sedziszowa-9\/\" class=\"wp-image-47\" srcset=\"http:\/\/zlobek.bobowa.pl\/wp-content\/uploads\/2019\/07\/\u017b\u0142obek-S\u0119dziszowa-9-1024x683.jpg 1024w, http:\/\/zlobek.bobowa.pl\/wp-content\/uploads\/2019\/07\/\u017b\u0142obek-S\u0119dziszowa-9-300x200.jpg 300w, http:\/\/zlobek.bobowa.pl\/wp-content\/uploads\/2019\/07\/\u017b\u0142obek-S\u0119dziszowa-9-768x512.jpg 768w\" sizes=\"(max-width: 1024px) 100vw, 1024px\" \/><\/a><\/figure><\/li><li class=\"blocks-gallery-item\"><figure><a href=\"http:\/\/zlobek.bobowa.pl\/wp-content\/uploads\/2019\/07\/\u017b\u0142obek-S\u0119dziszowa-10-1024x683.jpg\"><img decoding=\"async\" loading=\"lazy\" width=\"1024\" height=\"683\" src=\"http:\/\/zlobek.bobowa.pl\/wp-content\/uploads\/2019\/07\/\u017b\u0142obek-S\u0119dziszowa-10-1024x683.jpg\" alt=\"\" data-id=\"48\" data-link=\"http:\/\/zlobek.bobowa.pl\/index.php\/galeria\/zlobek-sedziszowa-10\/\" class=\"wp-image-48\" srcset=\"http:\/\/zlobek.bobowa.pl\/wp-content\/uploads\/2019\/07\/\u017b\u0142obek-S\u0119dziszowa-10-1024x683.jpg 1024w, http:\/\/zlobek.bobowa.pl\/wp-content\/uploads\/2019\/07\/\u017b\u0142obek-S\u0119dziszowa-10-300x200.jpg 300w, http:\/\/zlobek.bobowa.pl\/wp-content\/uploads\/2019\/07\/\u017b\u0142obek-S\u0119dziszowa-10-768x512.jpg 768w\" sizes=\"(max-width: 1024px) 100vw, 1024px\" \/><\/a><\/figure><\/li><li class=\"blocks-gallery-item\"><figure><a href=\"http:\/\/zlobek.bobowa.pl\/wp-content\/uploads\/2019\/07\/\u017b\u0142obek-S\u0119dziszowa-11-1024x683.jpg\"><img decoding=\"async\" loading=\"lazy\" width=\"1024\" height=\"683\" src=\"http:\/\/zlobek.bobowa.pl\/wp-content\/uploads\/2019\/07\/\u017b\u0142obek-S\u0119dziszowa-11-1024x683.jpg\" alt=\"\" data-id=\"49\" data-link=\"http:\/\/zlobek.bobowa.pl\/index.php\/galeria\/zlobek-sedziszowa-11\/\" class=\"wp-image-49\" srcset=\"http:\/\/zlobek.bobowa.pl\/wp-content\/uploads\/2019\/07\/\u017b\u0142obek-S\u0119dziszowa-11-1024x683.jpg 1024w, http:\/\/zlobek.bobowa.pl\/wp-content\/uploads\/2019\/07\/\u017b\u0142obek-S\u0119dziszowa-11-300x200.jpg 300w, http:\/\/zlobek.bobowa.pl\/wp-content\/uploads\/2019\/07\/\u017b\u0142obek-S\u0119dziszowa-11-768x512.jpg 768w\" sizes=\"(max-width: 1024px) 100vw, 1024px\" \/><\/a><\/figure><\/li><li class=\"blocks-gallery-item\"><figure><a href=\"http:\/\/zlobek.bobowa.pl\/wp-content\/uploads\/2019\/07\/\u017b\u0142obek-S\u0119dziszowa-12-1024x683.jpg\"><img decoding=\"async\" loading=\"lazy\" width=\"1024\" height=\"683\" src=\"http:\/\/zlobek.bobowa.pl\/wp-content\/uploads\/2019\/07\/\u017b\u0142obek-S\u0119dziszowa-12-1024x683.jpg\" alt=\"\" data-id=\"50\" data-link=\"http:\/\/zlobek.bobowa.pl\/index.php\/galeria\/zlobek-sedziszowa-12\/\" class=\"wp-image-50\" srcset=\"http:\/\/zlobek.bobowa.pl\/wp-content\/uploads\/2019\/07\/\u017b\u0142obek-S\u0119dziszowa-12-1024x683.jpg 1024w, http:\/\/zlobek.bobowa.pl\/wp-content\/uploads\/2019\/07\/\u017b\u0142obek-S\u0119dziszowa-12-300x200.jpg 300w, http:\/\/zlobek.bobowa.pl\/wp-content\/uploads\/2019\/07\/\u017b\u0142obek-S\u0119dziszowa-12-768x512.jpg 768w\" sizes=\"(max-width: 1024px) 100vw, 1024px\" \/><\/a><\/figure><\/li><li class=\"blocks-gallery-item\"><figure><a href=\"http:\/\/zlobek.bobowa.pl\/wp-content\/uploads\/2019\/07\/\u017b\u0142obek-S\u0119dziszowa-13-1024x683.jpg\"><img decoding=\"async\" loading=\"lazy\" width=\"1024\" height=\"683\" src=\"http:\/\/zlobek.bobowa.pl\/wp-content\/uploads\/2019\/07\/\u017b\u0142obek-S\u0119dziszowa-13-1024x683.jpg\" alt=\"\" data-id=\"51\" data-link=\"http:\/\/zlobek.bobowa.pl\/index.php\/galeria\/zlobek-sedziszowa-13\/\" class=\"wp-image-51\" srcset=\"http:\/\/zlobek.bobowa.pl\/wp-content\/uploads\/2019\/07\/\u017b\u0142obek-S\u0119dziszowa-13-1024x683.jpg 1024w, http:\/\/zlobek.bobowa.pl\/wp-content\/uploads\/2019\/07\/\u017b\u0142obek-S\u0119dziszowa-13-300x200.jpg 300w, http:\/\/zlobek.bobowa.pl\/wp-content\/uploads\/2019\/07\/\u017b\u0142obek-S\u0119dziszowa-13-768x512.jpg 768w\" sizes=\"(max-width: 1024px) 100vw, 1024px\" \/><\/a><\/figure><\/li><li class=\"blocks-gallery-item\"><figure><a href=\"http:\/\/zlobek.bobowa.pl\/wp-content\/uploads\/2019\/07\/\u017b\u0142obek-S\u0119dziszowa-14-1024x683.jpg\"><img decoding=\"async\" loading=\"lazy\" width=\"1024\" height=\"683\" src=\"http:\/\/zlobek.bobowa.pl\/wp-content\/uploads\/2019\/07\/\u017b\u0142obek-S\u0119dziszowa-14-1024x683.jpg\" alt=\"\" data-id=\"52\" data-link=\"http:\/\/zlobek.bobowa.pl\/index.php\/galeria\/zlobek-sedziszowa-14\/\" class=\"wp-image-52\" srcset=\"http:\/\/zlobek.bobowa.pl\/wp-content\/uploads\/2019\/07\/\u017b\u0142obek-S\u0119dziszowa-14-1024x683.jpg 1024w, http:\/\/zlobek.bobowa.pl\/wp-content\/uploads\/2019\/07\/\u017b\u0142obek-S\u0119dziszowa-14-300x200.jpg 300w, http:\/\/zlobek.bobowa.pl\/wp-content\/uploads\/2019\/07\/\u017b\u0142obek-S\u0119dziszowa-14-768x512.jpg 768w\" sizes=\"(max-width: 1024px) 100vw, 1024px\" \/><\/a><\/figure><\/li><li class=\"blocks-gallery-item\"><figure><a href=\"http:\/\/zlobek.bobowa.pl\/wp-content\/uploads\/2019\/07\/\u017b\u0142obek-S\u0119dziszowa-15-1024x683.jpg\"><img decoding=\"async\" loading=\"lazy\" width=\"1024\" height=\"683\" src=\"http:\/\/zlobek.bobowa.pl\/wp-content\/uploads\/2019\/07\/\u017b\u0142obek-S\u0119dziszowa-15-1024x683.jpg\" alt=\"\" data-id=\"54\" data-link=\"http:\/\/zlobek.bobowa.pl\/index.php\/galeria\/zlobek-sedziszowa-15\/\" class=\"wp-image-54\" srcset=\"http:\/\/zlobek.bobowa.pl\/wp-content\/uploads\/2019\/07\/\u017b\u0142obek-S\u0119dziszowa-15-1024x683.jpg 1024w, http:\/\/zlobek.bobowa.pl\/wp-content\/uploads\/2019\/07\/\u017b\u0142obek-S\u0119dziszowa-15-300x200.jpg 300w, http:\/\/zlobek.bobowa.pl\/wp-content\/uploads\/2019\/07\/\u017b\u0142obek-S\u0119dziszowa-15-768x512.jpg 768w\" sizes=\"(max-width: 1024px) 100vw, 1024px\" \/><\/a><\/figure><\/li><\/ul>\n","protected":false},"excerpt":{"rendered":"","protected":false},"author":1,"featured_media":0,"parent":0,"menu_order":0,"comment_status":"closed","ping_status":"closed","template":"","meta":{"footnotes":""},"yoast_head":"<!-- This site is optimized with the Yoast SEO plugin v22.6 - https:\/\/yoast.com\/wordpress\/plugins\/seo\/ -->\n<title>Prace adaptacyjne - Samorz\u0105dowy \u017b\u0142obek w S\u0119dziszowej<\/title>\n<meta name=\"robots\" content=\"index, follow, max-snippet:-1, max-image-preview:large, max-video-preview:-1\" \/>\n<link rel=\"canonical\" href=\"http:\/\/zlobek.bobowa.pl\/index.php\/galeria\/\" \/>\n<meta property=\"og:locale\" content=\"pl_PL\" \/>\n<meta property=\"og:type\" content=\"article\" \/>\n<meta property=\"og:title\" content=\"Prace adaptacyjne - Samorz\u0105dowy \u017b\u0142obek w S\u0119dziszowej\" \/>\n<meta property=\"og:url\" content=\"http:\/\/zlobek.bobowa.pl\/index.php\/galeria\/\" \/>\n<meta property=\"og:site_name\" content=\"Samorz\u0105dowy \u017b\u0142obek w S\u0119dziszowej\" \/>\n<meta property=\"article:modified_time\" content=\"2019-07-09T09:31:32+00:00\" \/>\n<meta name=\"twitter:card\" content=\"summary_large_image\" \/>\n<script type=\"application\/ld+json\" class=\"yoast-schema-graph\">{\"@context\":\"https:\/\/schema.org\",\"@graph\":[{\"@type\":\"WebPage\",\"@id\":\"http:\/\/zlobek.bobowa.pl\/index.php\/galeria\/\",\"url\":\"http:\/\/zlobek.bobowa.pl\/index.php\/galeria\/\",\"name\":\"Prace adaptacyjne - Samorz\u0105dowy \u017b\u0142obek w S\u0119dziszowej\",\"isPartOf\":{\"@id\":\"http:\/\/zlobek.bobowa.pl\/#website\"},\"datePublished\":\"2019-07-09T07:08:05+00:00\",\"dateModified\":\"2019-07-09T09:31:32+00:00\",\"breadcrumb\":{\"@id\":\"http:\/\/zlobek.bobowa.pl\/index.php\/galeria\/#breadcrumb\"},\"inLanguage\":\"pl-PL\",\"potentialAction\":[{\"@type\":\"ReadAction\",\"target\":[\"http:\/\/zlobek.bobowa.pl\/index.php\/galeria\/\"]}]},{\"@type\":\"BreadcrumbList\",\"@id\":\"http:\/\/zlobek.bobowa.pl\/index.php\/galeria\/#breadcrumb\",\"itemListElement\":[{\"@type\":\"ListItem\",\"position\":1,\"name\":\"Strona g\u0142\u00f3wna\",\"item\":\"http:\/\/zlobek.bobowa.pl\/\"},{\"@type\":\"ListItem\",\"position\":2,\"name\":\"Prace adaptacyjne\"}]},{\"@type\":\"WebSite\",\"@id\":\"http:\/\/zlobek.bobowa.pl\/#website\",\"url\":\"http:\/\/zlobek.bobowa.pl\/\",\"name\":\"Samorz\u0105dowy \u017b\u0142obek w S\u0119dziszowej\",\"description\":\"\",\"publisher\":{\"@id\":\"http:\/\/zlobek.bobowa.pl\/#organization\"},\"potentialAction\":[{\"@type\":\"SearchAction\",\"target\":{\"@type\":\"EntryPoint\",\"urlTemplate\":\"http:\/\/zlobek.bobowa.pl\/?s={search_term_string}\"},\"query-input\":\"required name=search_term_string\"}],\"inLanguage\":\"pl-PL\"},{\"@type\":\"Organization\",\"@id\":\"http:\/\/zlobek.bobowa.pl\/#organization\",\"name\":\"Samorz\u0105dowy \u017b\u0142obek w S\u0119dziszowej\",\"url\":\"http:\/\/zlobek.bobowa.pl\/\",\"logo\":{\"@type\":\"ImageObject\",\"inLanguage\":\"pl-PL\",\"@id\":\"http:\/\/zlobek.bobowa.pl\/#\/schema\/logo\/image\/\",\"url\":\"http:\/\/zlobek.bobowa.pl\/wp-content\/uploads\/2019\/07\/Beznazwy-2.jpg\",\"contentUrl\":\"http:\/\/zlobek.bobowa.pl\/wp-content\/uploads\/2019\/07\/Beznazwy-2.jpg\",\"width\":2307,\"height\":119,\"caption\":\"Samorz\u0105dowy \u017b\u0142obek w S\u0119dziszowej\"},\"image\":{\"@id\":\"http:\/\/zlobek.bobowa.pl\/#\/schema\/logo\/image\/\"}}]}<\/script>\n<!-- \/ Yoast SEO plugin. -->","yoast_head_json":{"title":"Prace adaptacyjne - Samorz\u0105dowy \u017b\u0142obek w S\u0119dziszowej","robots":{"index":"index","follow":"follow","max-snippet":"max-snippet:-1","max-image-preview":"max-image-preview:large","max-video-preview":"max-video-preview:-1"},"canonical":"http:\/\/zlobek.bobowa.pl\/index.php\/galeria\/","og_locale":"pl_PL","og_type":"article","og_title":"Prace adaptacyjne - Samorz\u0105dowy \u017b\u0142obek w S\u0119dziszowej","og_url":"http:\/\/zlobek.bobowa.pl\/index.php\/galeria\/","og_site_name":"Samorz\u0105dowy \u017b\u0142obek w S\u0119dziszowej","article_modified_time":"2019-07-09T09:31:32+00:00","twitter_card":"summary_large_image","schema":{"@context":"https:\/\/schema.org","@graph":[{"@type":"WebPage","@id":"http:\/\/zlobek.bobowa.pl\/index.php\/galeria\/","url":"http:\/\/zlobek.bobowa.pl\/index.php\/galeria\/","name":"Prace adaptacyjne - Samorz\u0105dowy \u017b\u0142obek w S\u0119dziszowej","isPartOf":{"@id":"http:\/\/zlobek.bobowa.pl\/#website"},"datePublished":"2019-07-09T07:08:05+00:00","dateModified":"2019-07-09T09:31:32+00:00","breadcrumb":{"@id":"http:\/\/zlobek.bobowa.pl\/index.php\/galeria\/#breadcrumb"},"inLanguage":"pl-PL","potentialAction":[{"@type":"ReadAction","target":["http:\/\/zlobek.bobowa.pl\/index.php\/galeria\/"]}]},{"@type":"BreadcrumbList","@id":"http:\/\/zlobek.bobowa.pl\/index.php\/galeria\/#breadcrumb","itemListElement":[{"@type":"ListItem","position":1,"name":"Strona g\u0142\u00f3wna","item":"http:\/\/zlobek.bobowa.pl\/"},{"@type":"ListItem","position":2,"name":"Prace adaptacyjne"}]},{"@type":"WebSite","@id":"http:\/\/zlobek.bobowa.pl\/#website","url":"http:\/\/zlobek.bobowa.pl\/","name":"Samorz\u0105dowy \u017b\u0142obek w S\u0119dziszowej","description":"","publisher":{"@id":"http:\/\/zlobek.bobowa.pl\/#organization"},"potentialAction":[{"@type":"SearchAction","target":{"@type":"EntryPoint","urlTemplate":"http:\/\/zlobek.bobowa.pl\/?s={search_term_string}"},"query-input":"required name=search_term_string"}],"inLanguage":"pl-PL"},{"@type":"Organization","@id":"http:\/\/zlobek.bobowa.pl\/#organization","name":"Samorz\u0105dowy \u017b\u0142obek w S\u0119dziszowej","url":"http:\/\/zlobek.bobowa.pl\/","logo":{"@type":"ImageObject","inLanguage":"pl-PL","@id":"http:\/\/zlobek.bobowa.pl\/#\/schema\/logo\/image\/","url":"http:\/\/zlobek.bobowa.pl\/wp-content\/uploads\/2019\/07\/Beznazwy-2.jpg","contentUrl":"http:\/\/zlobek.bobowa.pl\/wp-content\/uploads\/2019\/07\/Beznazwy-2.jpg","width":2307,"height":119,"caption":"Samorz\u0105dowy \u017b\u0142obek w S\u0119dziszowej"},"image":{"@id":"http:\/\/zlobek.bobowa.pl\/#\/schema\/logo\/image\/"}}]}},"_links":{"self":[{"href":"http:\/\/zlobek.bobowa.pl\/index.php\/wp-json\/wp\/v2\/pages\/38"}],"collection":[{"href":"http:\/\/zlobek.bobowa.pl\/index.php\/wp-json\/wp\/v2\/pages"}],"about":[{"href":"http:\/\/zlobek.bobowa.pl\/index.php\/wp-json\/wp\/v2\/types\/page"}],"author":[{"embeddable":true,"href":"http:\/\/zlobek.bobowa.pl\/index.php\/wp-json\/wp\/v2\/users\/1"}],"replies":[{"embeddable":true,"href":"http:\/\/zlobek.bobowa.pl\/index.php\/wp-json\/wp\/v2\/comments?post=38"}],"version-history":[{"count":4,"href":"http:\/\/zlobek.bobowa.pl\/index.php\/wp-json\/wp\/v2\/pages\/38\/revisions"}],"predecessor-version":[{"id":127,"href":"http:\/\/zlobek.bobowa.pl\/index.php\/wp-json\/wp\/v2\/pages\/38\/revisions\/127"}],"wp:attachment":[{"href":"http:\/\/zlobek.bobowa.pl\/index.php\/wp-json\/wp\/v2\/media?parent=38"}],"curies":[{"name":"wp","href":"https:\/\/api.w.org\/{rel}","templated":true}]}}