{"id":18210,"date":"2025-11-06T15:09:25","date_gmt":"2025-11-06T14:09:25","guid":{"rendered":"http:\/\/zlobek.bobowa.pl\/?page_id=18210"},"modified":"2026-01-15T13:42:22","modified_gmt":"2026-01-15T12:42:22","slug":"pozegnanie-zlobkowiczow-3","status":"publish","type":"page","link":"http:\/\/zlobek.bobowa.pl\/index.php\/pozegnanie-zlobkowiczow-3\/","title":{"rendered":"Po\u017cegnanie \u017b\u0142obkowicz\u00f3w"},"content":{"rendered":"<p><strong><span style=\"font-size: 14pt;\">Marianka \ud83d\ude42<\/span><\/strong><\/p>\n<div id='gallery-1' class='gallery galleryid-18210 gallery-columns-3 gallery-size-medium'><figure class='gallery-item'>\n\t\t\t<div class='gallery-icon portrait'>\n\t\t\t\t<a href='http:\/\/zlobek.bobowa.pl\/wp-content\/uploads\/2025\/11\/IMG_1288-Copy.jpg'><img width=\"197\" height=\"300\" src=\"http:\/\/zlobek.bobowa.pl\/wp-content\/uploads\/2025\/11\/IMG_1288-Copy-197x300.jpg\" class=\"attachment-medium size-medium\" alt=\"\" decoding=\"async\" loading=\"lazy\" srcset=\"http:\/\/zlobek.bobowa.pl\/wp-content\/uploads\/2025\/11\/IMG_1288-Copy-197x300.jpg 197w, http:\/\/zlobek.bobowa.pl\/wp-content\/uploads\/2025\/11\/IMG_1288-Copy.jpg 505w\" sizes=\"(max-width: 197px) 100vw, 197px\" \/><\/a>\n\t\t\t<\/div><\/figure><figure class='gallery-item'>\n\t\t\t<div class='gallery-icon landscape'>\n\t\t\t\t<a href='http:\/\/zlobek.bobowa.pl\/wp-content\/uploads\/2025\/11\/IMG_1294-Copy.jpg'><img width=\"300\" height=\"201\" src=\"http:\/\/zlobek.bobowa.pl\/wp-content\/uploads\/2025\/11\/IMG_1294-Copy-300x201.jpg\" class=\"attachment-medium size-medium\" alt=\"\" decoding=\"async\" loading=\"lazy\" srcset=\"http:\/\/zlobek.bobowa.pl\/wp-content\/uploads\/2025\/11\/IMG_1294-Copy-300x201.jpg 300w, http:\/\/zlobek.bobowa.pl\/wp-content\/uploads\/2025\/11\/IMG_1294-Copy-768x514.jpg 768w, http:\/\/zlobek.bobowa.pl\/wp-content\/uploads\/2025\/11\/IMG_1294-Copy.jpg 1024w\" sizes=\"(max-width: 300px) 100vw, 300px\" \/><\/a>\n\t\t\t<\/div><\/figure>\n\t\t<\/div>\n\n","protected":false},"excerpt":{"rendered":"<p>Marianka \ud83d\ude42<\/p>\n","protected":false},"author":1,"featured_media":0,"parent":0,"menu_order":0,"comment_status":"closed","ping_status":"closed","template":"","meta":{"footnotes":""},"yoast_head":"<!-- This site is optimized with the Yoast SEO plugin v22.6 - https:\/\/yoast.com\/wordpress\/plugins\/seo\/ -->\n<title>Po\u017cegnanie \u017b\u0142obkowicz\u00f3w - Samorz\u0105dowy \u017b\u0142obek w S\u0119dziszowej<\/title>\n<meta name=\"robots\" content=\"index, follow, max-snippet:-1, max-image-preview:large, max-video-preview:-1\" \/>\n<link rel=\"canonical\" href=\"http:\/\/zlobek.bobowa.pl\/index.php\/pozegnanie-zlobkowiczow-3\/\" \/>\n<meta property=\"og:locale\" content=\"pl_PL\" \/>\n<meta property=\"og:type\" content=\"article\" \/>\n<meta property=\"og:title\" content=\"Po\u017cegnanie \u017b\u0142obkowicz\u00f3w - Samorz\u0105dowy \u017b\u0142obek w S\u0119dziszowej\" \/>\n<meta property=\"og:description\" content=\"Marianka \ud83d\ude42\" \/>\n<meta property=\"og:url\" content=\"http:\/\/zlobek.bobowa.pl\/index.php\/pozegnanie-zlobkowiczow-3\/\" \/>\n<meta property=\"og:site_name\" content=\"Samorz\u0105dowy \u017b\u0142obek w S\u0119dziszowej\" \/>\n<meta property=\"article:modified_time\" content=\"2026-01-15T12:42:22+00:00\" \/>\n<meta property=\"og:image\" content=\"http:\/\/zlobek.bobowa.pl\/wp-content\/uploads\/2025\/11\/IMG_1288-Copy-197x300.jpg\" \/>\n<meta name=\"twitter:card\" content=\"summary_large_image\" \/>\n<meta name=\"twitter:label1\" content=\"Szacowany czas czytania\" \/>\n\t<meta name=\"twitter:data1\" content=\"1 minuta\" \/>\n<script type=\"application\/ld+json\" class=\"yoast-schema-graph\">{\"@context\":\"https:\/\/schema.org\",\"@graph\":[{\"@type\":\"WebPage\",\"@id\":\"http:\/\/zlobek.bobowa.pl\/index.php\/pozegnanie-zlobkowiczow-3\/\",\"url\":\"http:\/\/zlobek.bobowa.pl\/index.php\/pozegnanie-zlobkowiczow-3\/\",\"name\":\"Po\u017cegnanie \u017b\u0142obkowicz\u00f3w - Samorz\u0105dowy \u017b\u0142obek w S\u0119dziszowej\",\"isPartOf\":{\"@id\":\"http:\/\/zlobek.bobowa.pl\/#website\"},\"datePublished\":\"2025-11-06T14:09:25+00:00\",\"dateModified\":\"2026-01-15T12:42:22+00:00\",\"breadcrumb\":{\"@id\":\"http:\/\/zlobek.bobowa.pl\/index.php\/pozegnanie-zlobkowiczow-3\/#breadcrumb\"},\"inLanguage\":\"pl-PL\",\"potentialAction\":[{\"@type\":\"ReadAction\",\"target\":[\"http:\/\/zlobek.bobowa.pl\/index.php\/pozegnanie-zlobkowiczow-3\/\"]}]},{\"@type\":\"BreadcrumbList\",\"@id\":\"http:\/\/zlobek.bobowa.pl\/index.php\/pozegnanie-zlobkowiczow-3\/#breadcrumb\",\"itemListElement\":[{\"@type\":\"ListItem\",\"position\":1,\"name\":\"Strona g\u0142\u00f3wna\",\"item\":\"http:\/\/zlobek.bobowa.pl\/\"},{\"@type\":\"ListItem\",\"position\":2,\"name\":\"Po\u017cegnanie \u017b\u0142obkowicz\u00f3w\"}]},{\"@type\":\"WebSite\",\"@id\":\"http:\/\/zlobek.bobowa.pl\/#website\",\"url\":\"http:\/\/zlobek.bobowa.pl\/\",\"name\":\"Samorz\u0105dowy \u017b\u0142obek w S\u0119dziszowej\",\"description\":\"\",\"publisher\":{\"@id\":\"http:\/\/zlobek.bobowa.pl\/#organization\"},\"potentialAction\":[{\"@type\":\"SearchAction\",\"target\":{\"@type\":\"EntryPoint\",\"urlTemplate\":\"http:\/\/zlobek.bobowa.pl\/?s={search_term_string}\"},\"query-input\":\"required name=search_term_string\"}],\"inLanguage\":\"pl-PL\"},{\"@type\":\"Organization\",\"@id\":\"http:\/\/zlobek.bobowa.pl\/#organization\",\"name\":\"Samorz\u0105dowy \u017b\u0142obek w S\u0119dziszowej\",\"url\":\"http:\/\/zlobek.bobowa.pl\/\",\"logo\":{\"@type\":\"ImageObject\",\"inLanguage\":\"pl-PL\",\"@id\":\"http:\/\/zlobek.bobowa.pl\/#\/schema\/logo\/image\/\",\"url\":\"http:\/\/zlobek.bobowa.pl\/wp-content\/uploads\/2019\/07\/Beznazwy-2.jpg\",\"contentUrl\":\"http:\/\/zlobek.bobowa.pl\/wp-content\/uploads\/2019\/07\/Beznazwy-2.jpg\",\"width\":2307,\"height\":119,\"caption\":\"Samorz\u0105dowy \u017b\u0142obek w S\u0119dziszowej\"},\"image\":{\"@id\":\"http:\/\/zlobek.bobowa.pl\/#\/schema\/logo\/image\/\"}}]}<\/script>\n<!-- \/ Yoast SEO plugin. -->","yoast_head_json":{"title":"Po\u017cegnanie \u017b\u0142obkowicz\u00f3w - Samorz\u0105dowy \u017b\u0142obek w S\u0119dziszowej","robots":{"index":"index","follow":"follow","max-snippet":"max-snippet:-1","max-image-preview":"max-image-preview:large","max-video-preview":"max-video-preview:-1"},"canonical":"http:\/\/zlobek.bobowa.pl\/index.php\/pozegnanie-zlobkowiczow-3\/","og_locale":"pl_PL","og_type":"article","og_title":"Po\u017cegnanie \u017b\u0142obkowicz\u00f3w - Samorz\u0105dowy \u017b\u0142obek w S\u0119dziszowej","og_description":"Marianka \ud83d\ude42","og_url":"http:\/\/zlobek.bobowa.pl\/index.php\/pozegnanie-zlobkowiczow-3\/","og_site_name":"Samorz\u0105dowy \u017b\u0142obek w S\u0119dziszowej","article_modified_time":"2026-01-15T12:42:22+00:00","og_image":[{"url":"http:\/\/zlobek.bobowa.pl\/wp-content\/uploads\/2025\/11\/IMG_1288-Copy-197x300.jpg"}],"twitter_card":"summary_large_image","twitter_misc":{"Szacowany czas czytania":"1 minuta"},"schema":{"@context":"https:\/\/schema.org","@graph":[{"@type":"WebPage","@id":"http:\/\/zlobek.bobowa.pl\/index.php\/pozegnanie-zlobkowiczow-3\/","url":"http:\/\/zlobek.bobowa.pl\/index.php\/pozegnanie-zlobkowiczow-3\/","name":"Po\u017cegnanie \u017b\u0142obkowicz\u00f3w - Samorz\u0105dowy \u017b\u0142obek w S\u0119dziszowej","isPartOf":{"@id":"http:\/\/zlobek.bobowa.pl\/#website"},"datePublished":"2025-11-06T14:09:25+00:00","dateModified":"2026-01-15T12:42:22+00:00","breadcrumb":{"@id":"http:\/\/zlobek.bobowa.pl\/index.php\/pozegnanie-zlobkowiczow-3\/#breadcrumb"},"inLanguage":"pl-PL","potentialAction":[{"@type":"ReadAction","target":["http:\/\/zlobek.bobowa.pl\/index.php\/pozegnanie-zlobkowiczow-3\/"]}]},{"@type":"BreadcrumbList","@id":"http:\/\/zlobek.bobowa.pl\/index.php\/pozegnanie-zlobkowiczow-3\/#breadcrumb","itemListElement":[{"@type":"ListItem","position":1,"name":"Strona g\u0142\u00f3wna","item":"http:\/\/zlobek.bobowa.pl\/"},{"@type":"ListItem","position":2,"name":"Po\u017cegnanie \u017b\u0142obkowicz\u00f3w"}]},{"@type":"WebSite","@id":"http:\/\/zlobek.bobowa.pl\/#website","url":"http:\/\/zlobek.bobowa.pl\/","name":"Samorz\u0105dowy \u017b\u0142obek w S\u0119dziszowej","description":"","publisher":{"@id":"http:\/\/zlobek.bobowa.pl\/#organization"},"potentialAction":[{"@type":"SearchAction","target":{"@type":"EntryPoint","urlTemplate":"http:\/\/zlobek.bobowa.pl\/?s={search_term_string}"},"query-input":"required name=search_term_string"}],"inLanguage":"pl-PL"},{"@type":"Organization","@id":"http:\/\/zlobek.bobowa.pl\/#organization","name":"Samorz\u0105dowy \u017b\u0142obek w S\u0119dziszowej","url":"http:\/\/zlobek.bobowa.pl\/","logo":{"@type":"ImageObject","inLanguage":"pl-PL","@id":"http:\/\/zlobek.bobowa.pl\/#\/schema\/logo\/image\/","url":"http:\/\/zlobek.bobowa.pl\/wp-content\/uploads\/2019\/07\/Beznazwy-2.jpg","contentUrl":"http:\/\/zlobek.bobowa.pl\/wp-content\/uploads\/2019\/07\/Beznazwy-2.jpg","width":2307,"height":119,"caption":"Samorz\u0105dowy \u017b\u0142obek w S\u0119dziszowej"},"image":{"@id":"http:\/\/zlobek.bobowa.pl\/#\/schema\/logo\/image\/"}}]}},"_links":{"self":[{"href":"http:\/\/zlobek.bobowa.pl\/index.php\/wp-json\/wp\/v2\/pages\/18210"}],"collection":[{"href":"http:\/\/zlobek.bobowa.pl\/index.php\/wp-json\/wp\/v2\/pages"}],"about":[{"href":"http:\/\/zlobek.bobowa.pl\/index.php\/wp-json\/wp\/v2\/types\/page"}],"author":[{"embeddable":true,"href":"http:\/\/zlobek.bobowa.pl\/index.php\/wp-json\/wp\/v2\/users\/1"}],"replies":[{"embeddable":true,"href":"http:\/\/zlobek.bobowa.pl\/index.php\/wp-json\/wp\/v2\/comments?post=18210"}],"version-history":[{"count":3,"href":"http:\/\/zlobek.bobowa.pl\/index.php\/wp-json\/wp\/v2\/pages\/18210\/revisions"}],"predecessor-version":[{"id":19153,"href":"http:\/\/zlobek.bobowa.pl\/index.php\/wp-json\/wp\/v2\/pages\/18210\/revisions\/19153"}],"wp:attachment":[{"href":"http:\/\/zlobek.bobowa.pl\/index.php\/wp-json\/wp\/v2\/media?parent=18210"}],"curies":[{"name":"wp","href":"https:\/\/api.w.org\/{rel}","templated":true}]}}