{"id":15092,"date":"2024-11-28T15:13:46","date_gmt":"2024-11-28T14:13:46","guid":{"rendered":"http:\/\/zlobek.bobowa.pl\/?page_id=15092"},"modified":"2024-11-28T15:13:46","modified_gmt":"2024-11-28T14:13:46","slug":"rejestr-zlobkow-prowadzacych-dzialalnosc-na-terenie-gminy-bobowa","status":"publish","type":"page","link":"http:\/\/zlobek.bobowa.pl\/index.php\/rejestr-zlobkow-prowadzacych-dzialalnosc-na-terenie-gminy-bobowa\/","title":{"rendered":"Rejestr \u017c\u0142obk\u00f3w prowadz\u0105cych dzia\u0142alno\u015b\u0107 na terenie Gminy Bobowa"},"content":{"rendered":"<p>Rejestr \u017c\u0142obk\u00f3w prowadz\u0105cych dzia\u0142alno\u015b\u0107 na terenie Gminy Bobowa:<\/p>\n<p><a href=\"https:\/\/rejestrzlobkow.mrips.gov.pl\/listaRejestr\/ZK?nts=31205035\">https:\/\/rejestrzlobkow.mrips.gov.pl\/listaRejestr\/ZK?nts=31205035<\/a><\/p>\n","protected":false},"excerpt":{"rendered":"<p>Rejestr \u017c\u0142obk\u00f3w prowadz\u0105cych dzia\u0142alno\u015b\u0107 na terenie Gminy Bobowa: https:\/\/rejestrzlobkow.mrips.gov.pl\/listaRejestr\/ZK?nts=31205035<\/p>\n","protected":false},"author":2,"featured_media":0,"parent":0,"menu_order":0,"comment_status":"closed","ping_status":"closed","template":"","meta":{"footnotes":""},"yoast_head":"<!-- This site is optimized with the Yoast SEO plugin v22.6 - https:\/\/yoast.com\/wordpress\/plugins\/seo\/ -->\n<title>Rejestr \u017c\u0142obk\u00f3w prowadz\u0105cych dzia\u0142alno\u015b\u0107 na terenie Gminy Bobowa - Samorz\u0105dowy \u017b\u0142obek w S\u0119dziszowej<\/title>\n<meta name=\"robots\" content=\"index, follow, max-snippet:-1, max-image-preview:large, max-video-preview:-1\" \/>\n<link rel=\"canonical\" href=\"http:\/\/zlobek.bobowa.pl\/index.php\/rejestr-zlobkow-prowadzacych-dzialalnosc-na-terenie-gminy-bobowa\/\" \/>\n<meta property=\"og:locale\" content=\"pl_PL\" \/>\n<meta property=\"og:type\" content=\"article\" \/>\n<meta property=\"og:title\" content=\"Rejestr \u017c\u0142obk\u00f3w prowadz\u0105cych dzia\u0142alno\u015b\u0107 na terenie Gminy Bobowa - Samorz\u0105dowy \u017b\u0142obek w S\u0119dziszowej\" \/>\n<meta property=\"og:description\" content=\"Rejestr \u017c\u0142obk\u00f3w prowadz\u0105cych dzia\u0142alno\u015b\u0107 na terenie Gminy Bobowa: https:\/\/rejestrzlobkow.mrips.gov.pl\/listaRejestr\/ZK?nts=31205035\" \/>\n<meta property=\"og:url\" content=\"http:\/\/zlobek.bobowa.pl\/index.php\/rejestr-zlobkow-prowadzacych-dzialalnosc-na-terenie-gminy-bobowa\/\" \/>\n<meta property=\"og:site_name\" content=\"Samorz\u0105dowy \u017b\u0142obek w S\u0119dziszowej\" \/>\n<meta name=\"twitter:card\" content=\"summary_large_image\" \/>\n<meta name=\"twitter:label1\" content=\"Szacowany czas czytania\" \/>\n\t<meta name=\"twitter:data1\" content=\"1 minuta\" \/>\n<script type=\"application\/ld+json\" class=\"yoast-schema-graph\">{\"@context\":\"https:\/\/schema.org\",\"@graph\":[{\"@type\":\"WebPage\",\"@id\":\"http:\/\/zlobek.bobowa.pl\/index.php\/rejestr-zlobkow-prowadzacych-dzialalnosc-na-terenie-gminy-bobowa\/\",\"url\":\"http:\/\/zlobek.bobowa.pl\/index.php\/rejestr-zlobkow-prowadzacych-dzialalnosc-na-terenie-gminy-bobowa\/\",\"name\":\"Rejestr \u017c\u0142obk\u00f3w prowadz\u0105cych dzia\u0142alno\u015b\u0107 na terenie Gminy Bobowa - Samorz\u0105dowy \u017b\u0142obek w S\u0119dziszowej\",\"isPartOf\":{\"@id\":\"http:\/\/zlobek.bobowa.pl\/#website\"},\"datePublished\":\"2024-11-28T14:13:46+00:00\",\"dateModified\":\"2024-11-28T14:13:46+00:00\",\"breadcrumb\":{\"@id\":\"http:\/\/zlobek.bobowa.pl\/index.php\/rejestr-zlobkow-prowadzacych-dzialalnosc-na-terenie-gminy-bobowa\/#breadcrumb\"},\"inLanguage\":\"pl-PL\",\"potentialAction\":[{\"@type\":\"ReadAction\",\"target\":[\"http:\/\/zlobek.bobowa.pl\/index.php\/rejestr-zlobkow-prowadzacych-dzialalnosc-na-terenie-gminy-bobowa\/\"]}]},{\"@type\":\"BreadcrumbList\",\"@id\":\"http:\/\/zlobek.bobowa.pl\/index.php\/rejestr-zlobkow-prowadzacych-dzialalnosc-na-terenie-gminy-bobowa\/#breadcrumb\",\"itemListElement\":[{\"@type\":\"ListItem\",\"position\":1,\"name\":\"Strona g\u0142\u00f3wna\",\"item\":\"http:\/\/zlobek.bobowa.pl\/\"},{\"@type\":\"ListItem\",\"position\":2,\"name\":\"Rejestr \u017c\u0142obk\u00f3w prowadz\u0105cych dzia\u0142alno\u015b\u0107 na&nbsp;terenie Gminy Bobowa\"}]},{\"@type\":\"WebSite\",\"@id\":\"http:\/\/zlobek.bobowa.pl\/#website\",\"url\":\"http:\/\/zlobek.bobowa.pl\/\",\"name\":\"Samorz\u0105dowy \u017b\u0142obek w S\u0119dziszowej\",\"description\":\"\",\"publisher\":{\"@id\":\"http:\/\/zlobek.bobowa.pl\/#organization\"},\"potentialAction\":[{\"@type\":\"SearchAction\",\"target\":{\"@type\":\"EntryPoint\",\"urlTemplate\":\"http:\/\/zlobek.bobowa.pl\/?s={search_term_string}\"},\"query-input\":\"required name=search_term_string\"}],\"inLanguage\":\"pl-PL\"},{\"@type\":\"Organization\",\"@id\":\"http:\/\/zlobek.bobowa.pl\/#organization\",\"name\":\"Samorz\u0105dowy \u017b\u0142obek w S\u0119dziszowej\",\"url\":\"http:\/\/zlobek.bobowa.pl\/\",\"logo\":{\"@type\":\"ImageObject\",\"inLanguage\":\"pl-PL\",\"@id\":\"http:\/\/zlobek.bobowa.pl\/#\/schema\/logo\/image\/\",\"url\":\"http:\/\/zlobek.bobowa.pl\/wp-content\/uploads\/2019\/07\/Beznazwy-2.jpg\",\"contentUrl\":\"http:\/\/zlobek.bobowa.pl\/wp-content\/uploads\/2019\/07\/Beznazwy-2.jpg\",\"width\":2307,\"height\":119,\"caption\":\"Samorz\u0105dowy \u017b\u0142obek w S\u0119dziszowej\"},\"image\":{\"@id\":\"http:\/\/zlobek.bobowa.pl\/#\/schema\/logo\/image\/\"}}]}<\/script>\n<!-- \/ Yoast SEO plugin. -->","yoast_head_json":{"title":"Rejestr \u017c\u0142obk\u00f3w prowadz\u0105cych dzia\u0142alno\u015b\u0107 na terenie Gminy Bobowa - Samorz\u0105dowy \u017b\u0142obek w S\u0119dziszowej","robots":{"index":"index","follow":"follow","max-snippet":"max-snippet:-1","max-image-preview":"max-image-preview:large","max-video-preview":"max-video-preview:-1"},"canonical":"http:\/\/zlobek.bobowa.pl\/index.php\/rejestr-zlobkow-prowadzacych-dzialalnosc-na-terenie-gminy-bobowa\/","og_locale":"pl_PL","og_type":"article","og_title":"Rejestr \u017c\u0142obk\u00f3w prowadz\u0105cych dzia\u0142alno\u015b\u0107 na terenie Gminy Bobowa - Samorz\u0105dowy \u017b\u0142obek w S\u0119dziszowej","og_description":"Rejestr \u017c\u0142obk\u00f3w prowadz\u0105cych dzia\u0142alno\u015b\u0107 na terenie Gminy Bobowa: https:\/\/rejestrzlobkow.mrips.gov.pl\/listaRejestr\/ZK?nts=31205035","og_url":"http:\/\/zlobek.bobowa.pl\/index.php\/rejestr-zlobkow-prowadzacych-dzialalnosc-na-terenie-gminy-bobowa\/","og_site_name":"Samorz\u0105dowy \u017b\u0142obek w S\u0119dziszowej","twitter_card":"summary_large_image","twitter_misc":{"Szacowany czas czytania":"1 minuta"},"schema":{"@context":"https:\/\/schema.org","@graph":[{"@type":"WebPage","@id":"http:\/\/zlobek.bobowa.pl\/index.php\/rejestr-zlobkow-prowadzacych-dzialalnosc-na-terenie-gminy-bobowa\/","url":"http:\/\/zlobek.bobowa.pl\/index.php\/rejestr-zlobkow-prowadzacych-dzialalnosc-na-terenie-gminy-bobowa\/","name":"Rejestr \u017c\u0142obk\u00f3w prowadz\u0105cych dzia\u0142alno\u015b\u0107 na terenie Gminy Bobowa - Samorz\u0105dowy \u017b\u0142obek w S\u0119dziszowej","isPartOf":{"@id":"http:\/\/zlobek.bobowa.pl\/#website"},"datePublished":"2024-11-28T14:13:46+00:00","dateModified":"2024-11-28T14:13:46+00:00","breadcrumb":{"@id":"http:\/\/zlobek.bobowa.pl\/index.php\/rejestr-zlobkow-prowadzacych-dzialalnosc-na-terenie-gminy-bobowa\/#breadcrumb"},"inLanguage":"pl-PL","potentialAction":[{"@type":"ReadAction","target":["http:\/\/zlobek.bobowa.pl\/index.php\/rejestr-zlobkow-prowadzacych-dzialalnosc-na-terenie-gminy-bobowa\/"]}]},{"@type":"BreadcrumbList","@id":"http:\/\/zlobek.bobowa.pl\/index.php\/rejestr-zlobkow-prowadzacych-dzialalnosc-na-terenie-gminy-bobowa\/#breadcrumb","itemListElement":[{"@type":"ListItem","position":1,"name":"Strona g\u0142\u00f3wna","item":"http:\/\/zlobek.bobowa.pl\/"},{"@type":"ListItem","position":2,"name":"Rejestr \u017c\u0142obk\u00f3w prowadz\u0105cych dzia\u0142alno\u015b\u0107 na&nbsp;terenie Gminy Bobowa"}]},{"@type":"WebSite","@id":"http:\/\/zlobek.bobowa.pl\/#website","url":"http:\/\/zlobek.bobowa.pl\/","name":"Samorz\u0105dowy \u017b\u0142obek w S\u0119dziszowej","description":"","publisher":{"@id":"http:\/\/zlobek.bobowa.pl\/#organization"},"potentialAction":[{"@type":"SearchAction","target":{"@type":"EntryPoint","urlTemplate":"http:\/\/zlobek.bobowa.pl\/?s={search_term_string}"},"query-input":"required name=search_term_string"}],"inLanguage":"pl-PL"},{"@type":"Organization","@id":"http:\/\/zlobek.bobowa.pl\/#organization","name":"Samorz\u0105dowy \u017b\u0142obek w S\u0119dziszowej","url":"http:\/\/zlobek.bobowa.pl\/","logo":{"@type":"ImageObject","inLanguage":"pl-PL","@id":"http:\/\/zlobek.bobowa.pl\/#\/schema\/logo\/image\/","url":"http:\/\/zlobek.bobowa.pl\/wp-content\/uploads\/2019\/07\/Beznazwy-2.jpg","contentUrl":"http:\/\/zlobek.bobowa.pl\/wp-content\/uploads\/2019\/07\/Beznazwy-2.jpg","width":2307,"height":119,"caption":"Samorz\u0105dowy \u017b\u0142obek w S\u0119dziszowej"},"image":{"@id":"http:\/\/zlobek.bobowa.pl\/#\/schema\/logo\/image\/"}}]}},"_links":{"self":[{"href":"http:\/\/zlobek.bobowa.pl\/index.php\/wp-json\/wp\/v2\/pages\/15092"}],"collection":[{"href":"http:\/\/zlobek.bobowa.pl\/index.php\/wp-json\/wp\/v2\/pages"}],"about":[{"href":"http:\/\/zlobek.bobowa.pl\/index.php\/wp-json\/wp\/v2\/types\/page"}],"author":[{"embeddable":true,"href":"http:\/\/zlobek.bobowa.pl\/index.php\/wp-json\/wp\/v2\/users\/2"}],"replies":[{"embeddable":true,"href":"http:\/\/zlobek.bobowa.pl\/index.php\/wp-json\/wp\/v2\/comments?post=15092"}],"version-history":[{"count":1,"href":"http:\/\/zlobek.bobowa.pl\/index.php\/wp-json\/wp\/v2\/pages\/15092\/revisions"}],"predecessor-version":[{"id":15093,"href":"http:\/\/zlobek.bobowa.pl\/index.php\/wp-json\/wp\/v2\/pages\/15092\/revisions\/15093"}],"wp:attachment":[{"href":"http:\/\/zlobek.bobowa.pl\/index.php\/wp-json\/wp\/v2\/media?parent=15092"}],"curies":[{"name":"wp","href":"https:\/\/api.w.org\/{rel}","templated":true}]}}