{"id":120,"date":"2019-07-09T11:23:12","date_gmt":"2019-07-09T09:23:12","guid":{"rendered":"http:\/\/zlobek.bobowa.pl\/?page_id=120"},"modified":"2019-09-19T20:14:19","modified_gmt":"2019-09-19T18:14:19","slug":"plan-dnia","status":"publish","type":"page","link":"http:\/\/zlobek.bobowa.pl\/index.php\/plan-dnia\/","title":{"rendered":"Strefa Rodzica"},"content":{"rendered":"\n<h2 class=\"wp-block-heading\"><\/h2>\n","protected":false},"excerpt":{"rendered":"","protected":false},"author":1,"featured_media":0,"parent":0,"menu_order":0,"comment_status":"closed","ping_status":"closed","template":"","meta":{"footnotes":""},"yoast_head":"<!-- This site is optimized with the Yoast SEO plugin v22.6 - https:\/\/yoast.com\/wordpress\/plugins\/seo\/ -->\n<title>Strefa Rodzica - Samorz\u0105dowy \u017b\u0142obek w S\u0119dziszowej<\/title>\n<meta name=\"robots\" content=\"index, follow, max-snippet:-1, max-image-preview:large, max-video-preview:-1\" \/>\n<link rel=\"canonical\" href=\"http:\/\/zlobek.bobowa.pl\/index.php\/plan-dnia\/\" \/>\n<meta property=\"og:locale\" content=\"pl_PL\" \/>\n<meta property=\"og:type\" content=\"article\" \/>\n<meta property=\"og:title\" content=\"Strefa Rodzica - Samorz\u0105dowy \u017b\u0142obek w S\u0119dziszowej\" \/>\n<meta property=\"og:url\" content=\"http:\/\/zlobek.bobowa.pl\/index.php\/plan-dnia\/\" \/>\n<meta property=\"og:site_name\" content=\"Samorz\u0105dowy \u017b\u0142obek w S\u0119dziszowej\" \/>\n<meta property=\"article:modified_time\" content=\"2019-09-19T18:14:19+00:00\" \/>\n<meta name=\"twitter:card\" content=\"summary_large_image\" \/>\n<script type=\"application\/ld+json\" class=\"yoast-schema-graph\">{\"@context\":\"https:\/\/schema.org\",\"@graph\":[{\"@type\":\"WebPage\",\"@id\":\"http:\/\/zlobek.bobowa.pl\/index.php\/plan-dnia\/\",\"url\":\"http:\/\/zlobek.bobowa.pl\/index.php\/plan-dnia\/\",\"name\":\"Strefa Rodzica - Samorz\u0105dowy \u017b\u0142obek w S\u0119dziszowej\",\"isPartOf\":{\"@id\":\"http:\/\/zlobek.bobowa.pl\/#website\"},\"datePublished\":\"2019-07-09T09:23:12+00:00\",\"dateModified\":\"2019-09-19T18:14:19+00:00\",\"breadcrumb\":{\"@id\":\"http:\/\/zlobek.bobowa.pl\/index.php\/plan-dnia\/#breadcrumb\"},\"inLanguage\":\"pl-PL\",\"potentialAction\":[{\"@type\":\"ReadAction\",\"target\":[\"http:\/\/zlobek.bobowa.pl\/index.php\/plan-dnia\/\"]}]},{\"@type\":\"BreadcrumbList\",\"@id\":\"http:\/\/zlobek.bobowa.pl\/index.php\/plan-dnia\/#breadcrumb\",\"itemListElement\":[{\"@type\":\"ListItem\",\"position\":1,\"name\":\"Strona g\u0142\u00f3wna\",\"item\":\"http:\/\/zlobek.bobowa.pl\/\"},{\"@type\":\"ListItem\",\"position\":2,\"name\":\"Strefa Rodzica\"}]},{\"@type\":\"WebSite\",\"@id\":\"http:\/\/zlobek.bobowa.pl\/#website\",\"url\":\"http:\/\/zlobek.bobowa.pl\/\",\"name\":\"Samorz\u0105dowy \u017b\u0142obek w S\u0119dziszowej\",\"description\":\"\",\"publisher\":{\"@id\":\"http:\/\/zlobek.bobowa.pl\/#organization\"},\"potentialAction\":[{\"@type\":\"SearchAction\",\"target\":{\"@type\":\"EntryPoint\",\"urlTemplate\":\"http:\/\/zlobek.bobowa.pl\/?s={search_term_string}\"},\"query-input\":\"required name=search_term_string\"}],\"inLanguage\":\"pl-PL\"},{\"@type\":\"Organization\",\"@id\":\"http:\/\/zlobek.bobowa.pl\/#organization\",\"name\":\"Samorz\u0105dowy \u017b\u0142obek w S\u0119dziszowej\",\"url\":\"http:\/\/zlobek.bobowa.pl\/\",\"logo\":{\"@type\":\"ImageObject\",\"inLanguage\":\"pl-PL\",\"@id\":\"http:\/\/zlobek.bobowa.pl\/#\/schema\/logo\/image\/\",\"url\":\"http:\/\/zlobek.bobowa.pl\/wp-content\/uploads\/2019\/07\/Beznazwy-2.jpg\",\"contentUrl\":\"http:\/\/zlobek.bobowa.pl\/wp-content\/uploads\/2019\/07\/Beznazwy-2.jpg\",\"width\":2307,\"height\":119,\"caption\":\"Samorz\u0105dowy \u017b\u0142obek w S\u0119dziszowej\"},\"image\":{\"@id\":\"http:\/\/zlobek.bobowa.pl\/#\/schema\/logo\/image\/\"}}]}<\/script>\n<!-- \/ Yoast SEO plugin. -->","yoast_head_json":{"title":"Strefa Rodzica - Samorz\u0105dowy \u017b\u0142obek w S\u0119dziszowej","robots":{"index":"index","follow":"follow","max-snippet":"max-snippet:-1","max-image-preview":"max-image-preview:large","max-video-preview":"max-video-preview:-1"},"canonical":"http:\/\/zlobek.bobowa.pl\/index.php\/plan-dnia\/","og_locale":"pl_PL","og_type":"article","og_title":"Strefa Rodzica - Samorz\u0105dowy \u017b\u0142obek w S\u0119dziszowej","og_url":"http:\/\/zlobek.bobowa.pl\/index.php\/plan-dnia\/","og_site_name":"Samorz\u0105dowy \u017b\u0142obek w S\u0119dziszowej","article_modified_time":"2019-09-19T18:14:19+00:00","twitter_card":"summary_large_image","schema":{"@context":"https:\/\/schema.org","@graph":[{"@type":"WebPage","@id":"http:\/\/zlobek.bobowa.pl\/index.php\/plan-dnia\/","url":"http:\/\/zlobek.bobowa.pl\/index.php\/plan-dnia\/","name":"Strefa Rodzica - Samorz\u0105dowy \u017b\u0142obek w S\u0119dziszowej","isPartOf":{"@id":"http:\/\/zlobek.bobowa.pl\/#website"},"datePublished":"2019-07-09T09:23:12+00:00","dateModified":"2019-09-19T18:14:19+00:00","breadcrumb":{"@id":"http:\/\/zlobek.bobowa.pl\/index.php\/plan-dnia\/#breadcrumb"},"inLanguage":"pl-PL","potentialAction":[{"@type":"ReadAction","target":["http:\/\/zlobek.bobowa.pl\/index.php\/plan-dnia\/"]}]},{"@type":"BreadcrumbList","@id":"http:\/\/zlobek.bobowa.pl\/index.php\/plan-dnia\/#breadcrumb","itemListElement":[{"@type":"ListItem","position":1,"name":"Strona g\u0142\u00f3wna","item":"http:\/\/zlobek.bobowa.pl\/"},{"@type":"ListItem","position":2,"name":"Strefa Rodzica"}]},{"@type":"WebSite","@id":"http:\/\/zlobek.bobowa.pl\/#website","url":"http:\/\/zlobek.bobowa.pl\/","name":"Samorz\u0105dowy \u017b\u0142obek w S\u0119dziszowej","description":"","publisher":{"@id":"http:\/\/zlobek.bobowa.pl\/#organization"},"potentialAction":[{"@type":"SearchAction","target":{"@type":"EntryPoint","urlTemplate":"http:\/\/zlobek.bobowa.pl\/?s={search_term_string}"},"query-input":"required name=search_term_string"}],"inLanguage":"pl-PL"},{"@type":"Organization","@id":"http:\/\/zlobek.bobowa.pl\/#organization","name":"Samorz\u0105dowy \u017b\u0142obek w S\u0119dziszowej","url":"http:\/\/zlobek.bobowa.pl\/","logo":{"@type":"ImageObject","inLanguage":"pl-PL","@id":"http:\/\/zlobek.bobowa.pl\/#\/schema\/logo\/image\/","url":"http:\/\/zlobek.bobowa.pl\/wp-content\/uploads\/2019\/07\/Beznazwy-2.jpg","contentUrl":"http:\/\/zlobek.bobowa.pl\/wp-content\/uploads\/2019\/07\/Beznazwy-2.jpg","width":2307,"height":119,"caption":"Samorz\u0105dowy \u017b\u0142obek w S\u0119dziszowej"},"image":{"@id":"http:\/\/zlobek.bobowa.pl\/#\/schema\/logo\/image\/"}}]}},"_links":{"self":[{"href":"http:\/\/zlobek.bobowa.pl\/index.php\/wp-json\/wp\/v2\/pages\/120"}],"collection":[{"href":"http:\/\/zlobek.bobowa.pl\/index.php\/wp-json\/wp\/v2\/pages"}],"about":[{"href":"http:\/\/zlobek.bobowa.pl\/index.php\/wp-json\/wp\/v2\/types\/page"}],"author":[{"embeddable":true,"href":"http:\/\/zlobek.bobowa.pl\/index.php\/wp-json\/wp\/v2\/users\/1"}],"replies":[{"embeddable":true,"href":"http:\/\/zlobek.bobowa.pl\/index.php\/wp-json\/wp\/v2\/comments?post=120"}],"version-history":[{"count":9,"href":"http:\/\/zlobek.bobowa.pl\/index.php\/wp-json\/wp\/v2\/pages\/120\/revisions"}],"predecessor-version":[{"id":525,"href":"http:\/\/zlobek.bobowa.pl\/index.php\/wp-json\/wp\/v2\/pages\/120\/revisions\/525"}],"wp:attachment":[{"href":"http:\/\/zlobek.bobowa.pl\/index.php\/wp-json\/wp\/v2\/media?parent=120"}],"curies":[{"name":"wp","href":"https:\/\/api.w.org\/{rel}","templated":true}]}}