{"id":11579,"date":"2023-11-27T13:26:58","date_gmt":"2023-11-27T12:26:58","guid":{"rendered":"http:\/\/zlobek.bobowa.pl\/?page_id=11579"},"modified":"2023-11-27T14:00:02","modified_gmt":"2023-11-27T13:00:02","slug":"maluch-2022-2029","status":"publish","type":"page","link":"http:\/\/zlobek.bobowa.pl\/index.php\/maluch-2022-2029\/","title":{"rendered":"Maluch+ 2022-2029"},"content":{"rendered":"<p><img decoding=\"async\" loading=\"lazy\" class=\"wp-image-11581 size-large aligncenter\" src=\"http:\/\/zlobek.bobowa.pl\/wp-content\/uploads\/2023\/11\/Obraz1-1024x140.jpg\" alt=\"\" width=\"750\" height=\"103\" srcset=\"http:\/\/zlobek.bobowa.pl\/wp-content\/uploads\/2023\/11\/Obraz1-1024x140.jpg 1024w, http:\/\/zlobek.bobowa.pl\/wp-content\/uploads\/2023\/11\/Obraz1-300x41.jpg 300w, http:\/\/zlobek.bobowa.pl\/wp-content\/uploads\/2023\/11\/Obraz1-768x105.jpg 768w, http:\/\/zlobek.bobowa.pl\/wp-content\/uploads\/2023\/11\/Obraz1.jpg 1386w\" sizes=\"(max-width: 750px) 100vw, 750px\" \/><\/p>\n<p style=\"text-align: center;\"><strong>DOFINANSOWANIE \u017b\u0141OBKA Z\u00a0PROGRAMU \u201eMALUCH+\u201d 2022-2029<br \/>\nW\u00a0GMINIE BOBOWA<\/strong><\/p>\n<p>Na\u00a0zadanie \u201eDofinansowanie \u017c\u0142obka z\u00a0programu \u201eMaluch+\u201d 2022-2029 Gmina Bobowa otrzyma\u0142a wsparcie finansowe z\u00a0Unii Europejskiej, kt\u00f3rego celem by\u0142o utworzenie 19 nowych miejsc opieki w \u017c\u0142obku i dofinansowanie funkcjonowania tych miejsc w okresie\u00a0 36 miesi\u0119cy.<\/p>\n<p>Dzi\u0119ki dofinansowaniu z programu MALUCH+ utworzono 19 nowych miejsc opieki nad dzie\u0107mi do lat 3 w ramach istniej\u0105cej instytucji \u017c\u0142obka w gminie Bobowa w miejscowo\u015bci S\u0119dziszowa.<br \/>\nDostosowano budynek do wymog\u00f3w budowlanych, sanitarno-higienicznych oraz bezpiecze\u0144stwa przeciwpo\u017carowego.<br \/>\nZakupiono i zamontowano wyposa\u017cenie tj. meble, wyposa\u017cenie wypoczynkowe, kuchenne oraz sanitarne. W ramach projektu \u017c\u0142obek wyposa\u017cono w nowe zabawki, materia\u0142y i pomoce do zaj\u0119\u0107 opieku\u0144czo- wychowawczych i edukacyjnych pozwalaj\u0105ce na wszechstronny rozw\u00f3j dzieci. Zakupiono p\u0119tl\u0119 indukcyjn\u0105 w celu wspoma\u00adgania s\u0142uchu, umo\u017cliwiaj\u0105cego osobie niedos\u0142ysz\u0105cej odbi\u00f3r wyra\u017anego i nieskazitelnie czystego d\u017awi\u0119ku.<\/p>\n<p>Dzia\u0142alno\u015b\u0107 \u017c\u0142obka docelowo skierowana jest do:<br \/>\n&#8211; dzieci do uko\u0144czenia roku szkolnego, w kt\u00f3rym dziecko uko\u0144czy 3 rok \u017cycia lub d\u0142u\u017cej, zgodnie z ustaw\u0105 z dnia 4 lutego 2011 r. o opiece nad dzie\u0107mi w wieku do lat 3 oraz z ustaw\u0105 z dnia 12 marca 2022 r. o pomocy obywatelom Ukrainy w zwi\u0105zku z konfliktem zbrojnym na terytorium tego pa\u0144stwa<br \/>\n&#8211; rodzic\u00f3w i opiekun\u00f3w<\/p>\n<p>Warto\u015b\u0107 zadania: 232\u00a0930,00<br \/>\nWarto\u015b\u0107 dofinansowania: 194\u00a0573,91<\/p>\n<p>#FunduszeUE<\/p>\n<p><img decoding=\"async\" loading=\"lazy\" class=\"aligncenter wp-image-11586 size-full\" src=\"http:\/\/zlobek.bobowa.pl\/wp-content\/uploads\/2023\/11\/mrips.png\" alt=\"\" width=\"777\" height=\"255\" srcset=\"http:\/\/zlobek.bobowa.pl\/wp-content\/uploads\/2023\/11\/mrips.png 777w, http:\/\/zlobek.bobowa.pl\/wp-content\/uploads\/2023\/11\/mrips-300x98.png 300w, http:\/\/zlobek.bobowa.pl\/wp-content\/uploads\/2023\/11\/mrips-768x252.png 768w\" sizes=\"(max-width: 777px) 100vw, 777px\" \/><\/p>\n","protected":false},"excerpt":{"rendered":"<p>DOFINANSOWANIE \u017b\u0141OBKA Z\u00a0PROGRAMU \u201eMALUCH+\u201d 2022-2029 W\u00a0GMINIE BOBOWA Na\u00a0zadanie \u201eDofinansowanie \u017c\u0142obka z\u00a0programu \u201eMaluch+\u201d 2022-2029 Gmina Bobowa otrzyma\u0142a wsparcie finansowe z\u00a0Unii Europejskiej, kt\u00f3rego celem by\u0142o utworzenie 19 nowych miejsc opieki w \u017c\u0142obku i dofinansowanie funkcjonowania tych miejsc w okresie\u00a0 36 miesi\u0119cy. Dzi\u0119ki<\/p>\n","protected":false},"author":1,"featured_media":0,"parent":0,"menu_order":0,"comment_status":"closed","ping_status":"closed","template":"","meta":{"footnotes":""},"yoast_head":"<!-- This site is optimized with the Yoast SEO plugin v22.6 - https:\/\/yoast.com\/wordpress\/plugins\/seo\/ -->\n<title>Maluch+ 2022-2029 - Samorz\u0105dowy \u017b\u0142obek w S\u0119dziszowej<\/title>\n<meta name=\"robots\" content=\"index, follow, max-snippet:-1, max-image-preview:large, max-video-preview:-1\" \/>\n<link rel=\"canonical\" href=\"http:\/\/zlobek.bobowa.pl\/index.php\/maluch-2022-2029\/\" \/>\n<meta property=\"og:locale\" content=\"pl_PL\" \/>\n<meta property=\"og:type\" content=\"article\" \/>\n<meta property=\"og:title\" content=\"Maluch+ 2022-2029 - Samorz\u0105dowy \u017b\u0142obek w S\u0119dziszowej\" \/>\n<meta property=\"og:description\" content=\"DOFINANSOWANIE \u017b\u0141OBKA Z\u00a0PROGRAMU \u201eMALUCH+\u201d 2022-2029 W\u00a0GMINIE BOBOWA Na\u00a0zadanie \u201eDofinansowanie \u017c\u0142obka z\u00a0programu \u201eMaluch+\u201d 2022-2029 Gmina Bobowa otrzyma\u0142a wsparcie finansowe z\u00a0Unii Europejskiej, kt\u00f3rego celem by\u0142o utworzenie 19 nowych miejsc opieki w \u017c\u0142obku i dofinansowanie funkcjonowania tych miejsc w okresie\u00a0 36 miesi\u0119cy. Dzi\u0119ki\" \/>\n<meta property=\"og:url\" content=\"http:\/\/zlobek.bobowa.pl\/index.php\/maluch-2022-2029\/\" \/>\n<meta property=\"og:site_name\" content=\"Samorz\u0105dowy \u017b\u0142obek w S\u0119dziszowej\" \/>\n<meta property=\"article:modified_time\" content=\"2023-11-27T13:00:02+00:00\" \/>\n<meta property=\"og:image\" content=\"http:\/\/zlobek.bobowa.pl\/wp-content\/uploads\/2023\/11\/Obraz1-1024x140.jpg\" \/>\n<meta name=\"twitter:card\" content=\"summary_large_image\" \/>\n<meta name=\"twitter:label1\" content=\"Szacowany czas czytania\" \/>\n\t<meta name=\"twitter:data1\" content=\"2 minuty\" \/>\n<script type=\"application\/ld+json\" class=\"yoast-schema-graph\">{\"@context\":\"https:\/\/schema.org\",\"@graph\":[{\"@type\":\"WebPage\",\"@id\":\"http:\/\/zlobek.bobowa.pl\/index.php\/maluch-2022-2029\/\",\"url\":\"http:\/\/zlobek.bobowa.pl\/index.php\/maluch-2022-2029\/\",\"name\":\"Maluch+ 2022-2029 - Samorz\u0105dowy \u017b\u0142obek w S\u0119dziszowej\",\"isPartOf\":{\"@id\":\"http:\/\/zlobek.bobowa.pl\/#website\"},\"primaryImageOfPage\":{\"@id\":\"http:\/\/zlobek.bobowa.pl\/index.php\/maluch-2022-2029\/#primaryimage\"},\"image\":{\"@id\":\"http:\/\/zlobek.bobowa.pl\/index.php\/maluch-2022-2029\/#primaryimage\"},\"thumbnailUrl\":\"http:\/\/zlobek.bobowa.pl\/wp-content\/uploads\/2023\/11\/Obraz1-1024x140.jpg\",\"datePublished\":\"2023-11-27T12:26:58+00:00\",\"dateModified\":\"2023-11-27T13:00:02+00:00\",\"breadcrumb\":{\"@id\":\"http:\/\/zlobek.bobowa.pl\/index.php\/maluch-2022-2029\/#breadcrumb\"},\"inLanguage\":\"pl-PL\",\"potentialAction\":[{\"@type\":\"ReadAction\",\"target\":[\"http:\/\/zlobek.bobowa.pl\/index.php\/maluch-2022-2029\/\"]}]},{\"@type\":\"ImageObject\",\"inLanguage\":\"pl-PL\",\"@id\":\"http:\/\/zlobek.bobowa.pl\/index.php\/maluch-2022-2029\/#primaryimage\",\"url\":\"http:\/\/zlobek.bobowa.pl\/wp-content\/uploads\/2023\/11\/Obraz1.jpg\",\"contentUrl\":\"http:\/\/zlobek.bobowa.pl\/wp-content\/uploads\/2023\/11\/Obraz1.jpg\",\"width\":1386,\"height\":190},{\"@type\":\"BreadcrumbList\",\"@id\":\"http:\/\/zlobek.bobowa.pl\/index.php\/maluch-2022-2029\/#breadcrumb\",\"itemListElement\":[{\"@type\":\"ListItem\",\"position\":1,\"name\":\"Strona g\u0142\u00f3wna\",\"item\":\"http:\/\/zlobek.bobowa.pl\/\"},{\"@type\":\"ListItem\",\"position\":2,\"name\":\"Maluch+ 2022-2029\"}]},{\"@type\":\"WebSite\",\"@id\":\"http:\/\/zlobek.bobowa.pl\/#website\",\"url\":\"http:\/\/zlobek.bobowa.pl\/\",\"name\":\"Samorz\u0105dowy \u017b\u0142obek w S\u0119dziszowej\",\"description\":\"\",\"publisher\":{\"@id\":\"http:\/\/zlobek.bobowa.pl\/#organization\"},\"potentialAction\":[{\"@type\":\"SearchAction\",\"target\":{\"@type\":\"EntryPoint\",\"urlTemplate\":\"http:\/\/zlobek.bobowa.pl\/?s={search_term_string}\"},\"query-input\":\"required name=search_term_string\"}],\"inLanguage\":\"pl-PL\"},{\"@type\":\"Organization\",\"@id\":\"http:\/\/zlobek.bobowa.pl\/#organization\",\"name\":\"Samorz\u0105dowy \u017b\u0142obek w S\u0119dziszowej\",\"url\":\"http:\/\/zlobek.bobowa.pl\/\",\"logo\":{\"@type\":\"ImageObject\",\"inLanguage\":\"pl-PL\",\"@id\":\"http:\/\/zlobek.bobowa.pl\/#\/schema\/logo\/image\/\",\"url\":\"http:\/\/zlobek.bobowa.pl\/wp-content\/uploads\/2019\/07\/Beznazwy-2.jpg\",\"contentUrl\":\"http:\/\/zlobek.bobowa.pl\/wp-content\/uploads\/2019\/07\/Beznazwy-2.jpg\",\"width\":2307,\"height\":119,\"caption\":\"Samorz\u0105dowy \u017b\u0142obek w S\u0119dziszowej\"},\"image\":{\"@id\":\"http:\/\/zlobek.bobowa.pl\/#\/schema\/logo\/image\/\"}}]}<\/script>\n<!-- \/ Yoast SEO plugin. -->","yoast_head_json":{"title":"Maluch+ 2022-2029 - Samorz\u0105dowy \u017b\u0142obek w S\u0119dziszowej","robots":{"index":"index","follow":"follow","max-snippet":"max-snippet:-1","max-image-preview":"max-image-preview:large","max-video-preview":"max-video-preview:-1"},"canonical":"http:\/\/zlobek.bobowa.pl\/index.php\/maluch-2022-2029\/","og_locale":"pl_PL","og_type":"article","og_title":"Maluch+ 2022-2029 - Samorz\u0105dowy \u017b\u0142obek w S\u0119dziszowej","og_description":"DOFINANSOWANIE \u017b\u0141OBKA Z\u00a0PROGRAMU \u201eMALUCH+\u201d 2022-2029 W\u00a0GMINIE BOBOWA Na\u00a0zadanie \u201eDofinansowanie \u017c\u0142obka z\u00a0programu \u201eMaluch+\u201d 2022-2029 Gmina Bobowa otrzyma\u0142a wsparcie finansowe z\u00a0Unii Europejskiej, kt\u00f3rego celem by\u0142o utworzenie 19 nowych miejsc opieki w \u017c\u0142obku i dofinansowanie funkcjonowania tych miejsc w okresie\u00a0 36 miesi\u0119cy. Dzi\u0119ki","og_url":"http:\/\/zlobek.bobowa.pl\/index.php\/maluch-2022-2029\/","og_site_name":"Samorz\u0105dowy \u017b\u0142obek w S\u0119dziszowej","article_modified_time":"2023-11-27T13:00:02+00:00","og_image":[{"url":"http:\/\/zlobek.bobowa.pl\/wp-content\/uploads\/2023\/11\/Obraz1-1024x140.jpg"}],"twitter_card":"summary_large_image","twitter_misc":{"Szacowany czas czytania":"2 minuty"},"schema":{"@context":"https:\/\/schema.org","@graph":[{"@type":"WebPage","@id":"http:\/\/zlobek.bobowa.pl\/index.php\/maluch-2022-2029\/","url":"http:\/\/zlobek.bobowa.pl\/index.php\/maluch-2022-2029\/","name":"Maluch+ 2022-2029 - Samorz\u0105dowy \u017b\u0142obek w S\u0119dziszowej","isPartOf":{"@id":"http:\/\/zlobek.bobowa.pl\/#website"},"primaryImageOfPage":{"@id":"http:\/\/zlobek.bobowa.pl\/index.php\/maluch-2022-2029\/#primaryimage"},"image":{"@id":"http:\/\/zlobek.bobowa.pl\/index.php\/maluch-2022-2029\/#primaryimage"},"thumbnailUrl":"http:\/\/zlobek.bobowa.pl\/wp-content\/uploads\/2023\/11\/Obraz1-1024x140.jpg","datePublished":"2023-11-27T12:26:58+00:00","dateModified":"2023-11-27T13:00:02+00:00","breadcrumb":{"@id":"http:\/\/zlobek.bobowa.pl\/index.php\/maluch-2022-2029\/#breadcrumb"},"inLanguage":"pl-PL","potentialAction":[{"@type":"ReadAction","target":["http:\/\/zlobek.bobowa.pl\/index.php\/maluch-2022-2029\/"]}]},{"@type":"ImageObject","inLanguage":"pl-PL","@id":"http:\/\/zlobek.bobowa.pl\/index.php\/maluch-2022-2029\/#primaryimage","url":"http:\/\/zlobek.bobowa.pl\/wp-content\/uploads\/2023\/11\/Obraz1.jpg","contentUrl":"http:\/\/zlobek.bobowa.pl\/wp-content\/uploads\/2023\/11\/Obraz1.jpg","width":1386,"height":190},{"@type":"BreadcrumbList","@id":"http:\/\/zlobek.bobowa.pl\/index.php\/maluch-2022-2029\/#breadcrumb","itemListElement":[{"@type":"ListItem","position":1,"name":"Strona g\u0142\u00f3wna","item":"http:\/\/zlobek.bobowa.pl\/"},{"@type":"ListItem","position":2,"name":"Maluch+ 2022-2029"}]},{"@type":"WebSite","@id":"http:\/\/zlobek.bobowa.pl\/#website","url":"http:\/\/zlobek.bobowa.pl\/","name":"Samorz\u0105dowy \u017b\u0142obek w S\u0119dziszowej","description":"","publisher":{"@id":"http:\/\/zlobek.bobowa.pl\/#organization"},"potentialAction":[{"@type":"SearchAction","target":{"@type":"EntryPoint","urlTemplate":"http:\/\/zlobek.bobowa.pl\/?s={search_term_string}"},"query-input":"required name=search_term_string"}],"inLanguage":"pl-PL"},{"@type":"Organization","@id":"http:\/\/zlobek.bobowa.pl\/#organization","name":"Samorz\u0105dowy \u017b\u0142obek w S\u0119dziszowej","url":"http:\/\/zlobek.bobowa.pl\/","logo":{"@type":"ImageObject","inLanguage":"pl-PL","@id":"http:\/\/zlobek.bobowa.pl\/#\/schema\/logo\/image\/","url":"http:\/\/zlobek.bobowa.pl\/wp-content\/uploads\/2019\/07\/Beznazwy-2.jpg","contentUrl":"http:\/\/zlobek.bobowa.pl\/wp-content\/uploads\/2019\/07\/Beznazwy-2.jpg","width":2307,"height":119,"caption":"Samorz\u0105dowy \u017b\u0142obek w S\u0119dziszowej"},"image":{"@id":"http:\/\/zlobek.bobowa.pl\/#\/schema\/logo\/image\/"}}]}},"_links":{"self":[{"href":"http:\/\/zlobek.bobowa.pl\/index.php\/wp-json\/wp\/v2\/pages\/11579"}],"collection":[{"href":"http:\/\/zlobek.bobowa.pl\/index.php\/wp-json\/wp\/v2\/pages"}],"about":[{"href":"http:\/\/zlobek.bobowa.pl\/index.php\/wp-json\/wp\/v2\/types\/page"}],"author":[{"embeddable":true,"href":"http:\/\/zlobek.bobowa.pl\/index.php\/wp-json\/wp\/v2\/users\/1"}],"replies":[{"embeddable":true,"href":"http:\/\/zlobek.bobowa.pl\/index.php\/wp-json\/wp\/v2\/comments?post=11579"}],"version-history":[{"count":5,"href":"http:\/\/zlobek.bobowa.pl\/index.php\/wp-json\/wp\/v2\/pages\/11579\/revisions"}],"predecessor-version":[{"id":11587,"href":"http:\/\/zlobek.bobowa.pl\/index.php\/wp-json\/wp\/v2\/pages\/11579\/revisions\/11587"}],"wp:attachment":[{"href":"http:\/\/zlobek.bobowa.pl\/index.php\/wp-json\/wp\/v2\/media?parent=11579"}],"curies":[{"name":"wp","href":"https:\/\/api.w.org\/{rel}","templated":true}]}}